{"id":440,"date":"2017-06-14T13:09:08","date_gmt":"2017-06-14T13:09:08","guid":{"rendered":"http:\/\/leemantrade.pt\/?page_id=440"},"modified":"2025-12-23T15:37:46","modified_gmt":"2025-12-23T15:37:46","slug":"keratin-2","status":"publish","type":"page","link":"https:\/\/leemantrade.pt\/index.php\/produtos\/cosmeticos\/keratin-2\/","title":{"rendered":"KERATIN"},"content":{"rendered":"<a href=\"https:\/\/leemantrade.pt\/wp-content\/uploads\/2025\/12\/KERATIN_2025_PT.pdf\" class=\"pdfemb-viewer\" style=\"width: 300px; \" data-width=\"300\" data-height=\"max\"  data-toolbar=\"bottom\" data-toolbar-fixed=\"off\">KERATIN_2025_PT<br\/><\/a><a href=\"http:\/\/leemantrade.pt\/wp-content\/uploads\/2025\/12\/KERATIN_2025_PT.pdf\" target=\"_blank\" rel=\"noreferrer noopener\">DOWNLOAD PDF<\/a><\/p>\n<style>.product-list .classic-grid.archive-listing{width:18.79%;}@media (max-width: 950px) and (min-width: 600px) {.responsive .archive-listing.last, .responsive .archive-listing.first { clear: none;margin-right: 1.5%;}.responsive .classic-grid.archive-listing, .responsive .classic-grid.archive-listing.last { width: 31%; }.responsive .classic-grid.archive-listing:nth-child(3n + 1) { clear: left; }}.product-subcategories .classic-grid.archive-listing{width:5.7371428571429%;}@media (max-width: 950px) and (min-width: 600px) {.responsive.product-subcategories .classic-grid.archive-listing { width: 31%;  }}<\/style><div class=\"product-list responsive grid \"  data-ic_ajax_query='{\"post_type\":\"al_product\",\"tax_query\":[{\"taxonomy\":\"al_product-cat\",\"field\":\"term_id\",\"terms\":[\"8\"]}],\"posts_per_page\":100,\"archive_template\":\"grid\"}'>\r\n\r\n    <div class=\"archive-listing product-438 classic-grid publish first\">\r\n        <a href=\"https:\/\/leemantrade.pt\/index.php\/catalog\/kit-recobond\/\">\r\n            <div class=\"classic-grid-image-wrapper\">\r\n                <div class=\"pseudo\"><\/div>\r\n                <div class=\"image\"><img width=\"257\" height=\"300\" src=\"https:\/\/leemantrade.pt\/wp-content\/uploads\/2017\/06\/package_recobond_-257x300.jpg\" class=\"classic-grid-image\" alt=\"KIT Recobond\" loading=\"lazy\" srcset=\"https:\/\/leemantrade.pt\/wp-content\/uploads\/2017\/06\/package_recobond_-257x300.jpg 257w, https:\/\/leemantrade.pt\/wp-content\/uploads\/2017\/06\/package_recobond_-768x896.jpg 768w, https:\/\/leemantrade.pt\/wp-content\/uploads\/2017\/06\/package_recobond_-878x1024.jpg 878w, https:\/\/leemantrade.pt\/wp-content\/uploads\/2017\/06\/package_recobond_-137x160.jpg 137w\" sizes=\"(max-width: 257px) 100vw, 257px\" \/><\/div>\r\n            <\/div>\r\n            <h3 class=\"product-name\">KIT Recobond<\/h3>\t\t\t        <\/a>\r\n\t\t    <\/div>\r\n\r\n\r\n\r\n    <div class=\"archive-listing product-437 classic-grid publish middle\">\r\n        <a href=\"https:\/\/leemantrade.pt\/index.php\/catalog\/kit-reconstrutivo\/\">\r\n            <div class=\"classic-grid-image-wrapper\">\r\n                <div class=\"pseudo\"><\/div>\r\n                <div class=\"image\"><img width=\"300\" height=\"291\" src=\"https:\/\/leemantrade.pt\/wp-content\/uploads\/2017\/06\/Keratin_kit_reconstrutive-300x291.jpg\" class=\"classic-grid-image\" alt=\"KIT Reconstrutivo\" loading=\"lazy\" srcset=\"https:\/\/leemantrade.pt\/wp-content\/uploads\/2017\/06\/Keratin_kit_reconstrutive-300x291.jpg 300w, https:\/\/leemantrade.pt\/wp-content\/uploads\/2017\/06\/Keratin_kit_reconstrutive-768x744.jpg 768w, https:\/\/leemantrade.pt\/wp-content\/uploads\/2017\/06\/Keratin_kit_reconstrutive-1024x992.jpg 1024w, https:\/\/leemantrade.pt\/wp-content\/uploads\/2017\/06\/Keratin_kit_reconstrutive-165x160.jpg 165w, https:\/\/leemantrade.pt\/wp-content\/uploads\/2017\/06\/Keratin_kit_reconstrutive.jpg 1476w\" sizes=\"(max-width: 300px) 100vw, 300px\" \/><\/div>\r\n            <\/div>\r\n            <h3 class=\"product-name\">KIT Reconstrutivo<\/h3>\t\t\t        <\/a>\r\n\t\t    <\/div>\r\n\r\n\r\n\r\n    <div class=\"archive-listing product-436 classic-grid publish middle\">\r\n        <a href=\"https:\/\/leemantrade.pt\/index.php\/catalog\/fluido-reconstrutor\/\">\r\n            <div class=\"classic-grid-image-wrapper\">\r\n                <div class=\"pseudo\"><\/div>\r\n                <div class=\"image\"><img width=\"96\" height=\"300\" src=\"https:\/\/leemantrade.pt\/wp-content\/uploads\/2017\/06\/Keratin_fluid-2-96x300.jpg\" class=\"classic-grid-image\" alt=\"Fluido Reconstrutor\" loading=\"lazy\" srcset=\"https:\/\/leemantrade.pt\/wp-content\/uploads\/2017\/06\/Keratin_fluid-2-96x300.jpg 96w, https:\/\/leemantrade.pt\/wp-content\/uploads\/2017\/06\/Keratin_fluid-2-51x160.jpg 51w, https:\/\/leemantrade.pt\/wp-content\/uploads\/2017\/06\/Keratin_fluid-2.jpg 100w\" sizes=\"(max-width: 96px) 100vw, 96px\" \/><\/div>\r\n            <\/div>\r\n            <h3 class=\"product-name\">Fluido Reconstrutor<\/h3>\t\t\t        <\/a>\r\n\t\t    <\/div>\r\n\r\n\r\n\r\n    <div class=\"archive-listing product-435 classic-grid publish middle\">\r\n        <a href=\"https:\/\/leemantrade.pt\/index.php\/catalog\/mascara-reconstrutora\/\">\r\n            <div class=\"classic-grid-image-wrapper\">\r\n                <div class=\"pseudo\"><\/div>\r\n                <div class=\"image\"><img width=\"250\" height=\"300\" src=\"https:\/\/leemantrade.pt\/wp-content\/uploads\/2017\/06\/Keratin_Mask-250x300.jpg\" class=\"classic-grid-image\" alt=\"M\u00e1scara Reconstrutora\" loading=\"lazy\" srcset=\"https:\/\/leemantrade.pt\/wp-content\/uploads\/2017\/06\/Keratin_Mask-250x300.jpg 250w, https:\/\/leemantrade.pt\/wp-content\/uploads\/2017\/06\/Keratin_Mask-133x160.jpg 133w, https:\/\/leemantrade.pt\/wp-content\/uploads\/2017\/06\/Keratin_Mask.jpg 591w\" sizes=\"(max-width: 250px) 100vw, 250px\" \/><\/div>\r\n            <\/div>\r\n            <h3 class=\"product-name\">M\u00e1scara Reconstrutora<\/h3>\t\t\t        <\/a>\r\n\t\t    <\/div>\r\n\r\n\r\n\r\n    <div class=\"archive-listing product-428 classic-grid publish last\">\r\n        <a href=\"https:\/\/leemantrade.pt\/index.php\/catalog\/champo-reconstrutor\/\">\r\n            <div class=\"classic-grid-image-wrapper\">\r\n                <div class=\"pseudo\"><\/div>\r\n                <div class=\"image\"><img width=\"168\" height=\"300\" src=\"https:\/\/leemantrade.pt\/wp-content\/uploads\/2017\/06\/Shampoo_keratin-168x300.jpg\" class=\"classic-grid-image\" alt=\"Champ\u00f4 Reconstrutor\" loading=\"lazy\" srcset=\"https:\/\/leemantrade.pt\/wp-content\/uploads\/2017\/06\/Shampoo_keratin-168x300.jpg 168w, https:\/\/leemantrade.pt\/wp-content\/uploads\/2017\/06\/Shampoo_keratin-90x160.jpg 90w, https:\/\/leemantrade.pt\/wp-content\/uploads\/2017\/06\/Shampoo_keratin.jpg 348w\" sizes=\"(max-width: 168px) 100vw, 168px\" \/><\/div>\r\n            <\/div>\r\n            <h3 class=\"product-name\">Champ\u00f4 Reconstrutor<\/h3>\t\t\t        <\/a>\r\n\t\t    <\/div>\r\n\r\n<div style=\"clear:both\"><\/div><\/div>\n<p>\u00a0<\/p>\n\n\n<figure class=\"wp-block-embed is-type-video is-provider-youtube wp-block-embed-youtube wp-embed-aspect-16-9 wp-has-aspect-ratio\"><div class=\"wp-block-embed__wrapper\">\n<iframe loading=\"lazy\" title=\"KERATIN STRUCTURE - EFECT BOTOX (PT)\" width=\"630\" height=\"354\" src=\"https:\/\/www.youtube.com\/embed\/VJQcsR3Hoi0?feature=oembed\" frameborder=\"0\" allow=\"accelerometer; autoplay; clipboard-write; encrypted-media; gyroscope; picture-in-picture\" allowfullscreen><\/iframe>\n<\/div><figcaption>KERATIN BOTOX<\/figcaption><\/figure>\n\n\n\n<figure class=\"wp-block-embed is-type-video is-provider-youtube wp-block-embed-youtube wp-embed-aspect-16-9 wp-has-aspect-ratio\"><div class=\"wp-block-embed__wrapper\">\n<iframe loading=\"lazy\" title=\"NEW REGENERATION THERAPY KIT \/ LIFTING\" width=\"630\" height=\"354\" src=\"https:\/\/www.youtube.com\/embed\/E131ia1dRJM?feature=oembed\" frameborder=\"0\" allow=\"accelerometer; autoplay; clipboard-write; encrypted-media; gyroscope; picture-in-picture\" allowfullscreen><\/iframe>\n<\/div><figcaption>KIT TERAPIA REGENERA\u00c7\u00c3O 5 in 1<\/figcaption><\/figure>\n","protected":false},"excerpt":{"rendered":"<p>DOWNLOAD PDF \u00a0<\/p>\n","protected":false},"author":1,"featured_media":0,"parent":31,"menu_order":0,"comment_status":"closed","ping_status":"closed","template":"page-fullwidth.php","meta":{"_mi_skip_tracking":false},"yoast_head":"<!-- This site is optimized with the Yoast SEO plugin v19.11 - https:\/\/yoast.com\/wordpress\/plugins\/seo\/ -->\n<title>KERATIN &middot; Leemantrade lda<\/title>\n<meta name=\"description\" content=\"KERATIN - RECONSTRU\u00c7\u00c3O CAPILAR, com Queratina, Macad\u00e2mia, \u00c1cido Hialur\u00f3nico, Regenina. Efeito BOTOX\" \/>\n<meta name=\"robots\" content=\"index, follow, max-snippet:-1, max-image-preview:large, max-video-preview:-1\" \/>\n<link rel=\"canonical\" href=\"https:\/\/leemantrade.pt\/index.php\/produtos\/cosmeticos\/keratin-2\/\" \/>\n<meta property=\"og:locale\" content=\"pt_PT\" \/>\n<meta property=\"og:type\" content=\"article\" \/>\n<meta property=\"og:title\" content=\"KERATIN &middot; Leemantrade lda\" \/>\n<meta property=\"og:description\" content=\"KERATIN - RECONSTRU\u00c7\u00c3O CAPILAR, com Queratina, Macad\u00e2mia, \u00c1cido Hialur\u00f3nico, Regenina. Efeito BOTOX\" \/>\n<meta property=\"og:url\" content=\"https:\/\/leemantrade.pt\/index.php\/produtos\/cosmeticos\/keratin-2\/\" \/>\n<meta property=\"og:site_name\" content=\"Leemantrade lda\" \/>\n<meta property=\"article:publisher\" content=\"https:\/\/www.facebook.com\/Leemantrade\" \/>\n<meta property=\"article:modified_time\" content=\"2025-12-23T15:37:46+00:00\" \/>\n<meta name=\"twitter:card\" content=\"summary_large_image\" \/>\n<meta name=\"twitter:label1\" content=\"Tempo estimado de leitura\" \/>\n\t<meta name=\"twitter:data1\" content=\"1 minuto\" \/>\n<script type=\"application\/ld+json\" class=\"yoast-schema-graph\">{\"@context\":\"https:\/\/schema.org\",\"@graph\":[{\"@type\":\"WebPage\",\"@id\":\"https:\/\/leemantrade.pt\/index.php\/produtos\/cosmeticos\/keratin-2\/\",\"url\":\"https:\/\/leemantrade.pt\/index.php\/produtos\/cosmeticos\/keratin-2\/\",\"name\":\"KERATIN &middot; Leemantrade lda\",\"isPartOf\":{\"@id\":\"https:\/\/leemantrade.pt\/#website\"},\"datePublished\":\"2017-06-14T13:09:08+00:00\",\"dateModified\":\"2025-12-23T15:37:46+00:00\",\"description\":\"KERATIN - RECONSTRU\u00c7\u00c3O CAPILAR, com Queratina, Macad\u00e2mia, \u00c1cido Hialur\u00f3nico, Regenina. Efeito BOTOX\",\"breadcrumb\":{\"@id\":\"https:\/\/leemantrade.pt\/index.php\/produtos\/cosmeticos\/keratin-2\/#breadcrumb\"},\"inLanguage\":\"pt-PT\",\"potentialAction\":[{\"@type\":\"ReadAction\",\"target\":[\"https:\/\/leemantrade.pt\/index.php\/produtos\/cosmeticos\/keratin-2\/\"]}]},{\"@type\":\"BreadcrumbList\",\"@id\":\"https:\/\/leemantrade.pt\/index.php\/produtos\/cosmeticos\/keratin-2\/#breadcrumb\",\"itemListElement\":[{\"@type\":\"ListItem\",\"position\":1,\"name\":\"In\u00edcio\",\"item\":\"https:\/\/leemantrade.pt\/\"},{\"@type\":\"ListItem\",\"position\":2,\"name\":\"PRODUTOS\",\"item\":\"https:\/\/leemantrade.pt\/index.php\/produtos\/\"},{\"@type\":\"ListItem\",\"position\":3,\"name\":\"COSM\u00c9TICOS\",\"item\":\"https:\/\/leemantrade.pt\/index.php\/produtos\/cosmeticos\/\"},{\"@type\":\"ListItem\",\"position\":4,\"name\":\"KERATIN\"}]},{\"@type\":\"WebSite\",\"@id\":\"https:\/\/leemantrade.pt\/#website\",\"url\":\"https:\/\/leemantrade.pt\/\",\"name\":\"Leemantrade lda\",\"description\":\"\",\"publisher\":{\"@id\":\"https:\/\/leemantrade.pt\/#organization\"},\"potentialAction\":[{\"@type\":\"SearchAction\",\"target\":{\"@type\":\"EntryPoint\",\"urlTemplate\":\"https:\/\/leemantrade.pt\/?s={search_term_string}\"},\"query-input\":\"required name=search_term_string\"}],\"inLanguage\":\"pt-PT\"},{\"@type\":\"Organization\",\"@id\":\"https:\/\/leemantrade.pt\/#organization\",\"name\":\"Leemantrade, lda\",\"url\":\"https:\/\/leemantrade.pt\/\",\"logo\":{\"@type\":\"ImageObject\",\"inLanguage\":\"pt-PT\",\"@id\":\"https:\/\/leemantrade.pt\/#\/schema\/logo\/image\/\",\"url\":\"https:\/\/leemantrade.pt\/wp-content\/uploads\/2018\/09\/cropped-logo_leemantrade-2.jpg\",\"contentUrl\":\"https:\/\/leemantrade.pt\/wp-content\/uploads\/2018\/09\/cropped-logo_leemantrade-2.jpg\",\"width\":1358,\"height\":329,\"caption\":\"Leemantrade, lda\"},\"image\":{\"@id\":\"https:\/\/leemantrade.pt\/#\/schema\/logo\/image\/\"},\"sameAs\":[\"https:\/\/www.instagram.com\/leemantrade\/\",\"https:\/\/www.youtube.com\/channel\/UCQIMbAEaDVMlUg0b2fkMfTQ\",\"https:\/\/www.facebook.com\/Leemantrade\"]}]}<\/script>\n<!-- \/ Yoast SEO plugin. -->","yoast_head_json":{"title":"KERATIN &middot; Leemantrade lda","description":"KERATIN - RECONSTRU\u00c7\u00c3O CAPILAR, com Queratina, Macad\u00e2mia, \u00c1cido Hialur\u00f3nico, Regenina. Efeito BOTOX","robots":{"index":"index","follow":"follow","max-snippet":"max-snippet:-1","max-image-preview":"max-image-preview:large","max-video-preview":"max-video-preview:-1"},"canonical":"https:\/\/leemantrade.pt\/index.php\/produtos\/cosmeticos\/keratin-2\/","og_locale":"pt_PT","og_type":"article","og_title":"KERATIN &middot; Leemantrade lda","og_description":"KERATIN - RECONSTRU\u00c7\u00c3O CAPILAR, com Queratina, Macad\u00e2mia, \u00c1cido Hialur\u00f3nico, Regenina. Efeito BOTOX","og_url":"https:\/\/leemantrade.pt\/index.php\/produtos\/cosmeticos\/keratin-2\/","og_site_name":"Leemantrade lda","article_publisher":"https:\/\/www.facebook.com\/Leemantrade","article_modified_time":"2025-12-23T15:37:46+00:00","twitter_card":"summary_large_image","twitter_misc":{"Tempo estimado de leitura":"1 minuto"},"schema":{"@context":"https:\/\/schema.org","@graph":[{"@type":"WebPage","@id":"https:\/\/leemantrade.pt\/index.php\/produtos\/cosmeticos\/keratin-2\/","url":"https:\/\/leemantrade.pt\/index.php\/produtos\/cosmeticos\/keratin-2\/","name":"KERATIN &middot; Leemantrade lda","isPartOf":{"@id":"https:\/\/leemantrade.pt\/#website"},"datePublished":"2017-06-14T13:09:08+00:00","dateModified":"2025-12-23T15:37:46+00:00","description":"KERATIN - RECONSTRU\u00c7\u00c3O CAPILAR, com Queratina, Macad\u00e2mia, \u00c1cido Hialur\u00f3nico, Regenina. Efeito BOTOX","breadcrumb":{"@id":"https:\/\/leemantrade.pt\/index.php\/produtos\/cosmeticos\/keratin-2\/#breadcrumb"},"inLanguage":"pt-PT","potentialAction":[{"@type":"ReadAction","target":["https:\/\/leemantrade.pt\/index.php\/produtos\/cosmeticos\/keratin-2\/"]}]},{"@type":"BreadcrumbList","@id":"https:\/\/leemantrade.pt\/index.php\/produtos\/cosmeticos\/keratin-2\/#breadcrumb","itemListElement":[{"@type":"ListItem","position":1,"name":"In\u00edcio","item":"https:\/\/leemantrade.pt\/"},{"@type":"ListItem","position":2,"name":"PRODUTOS","item":"https:\/\/leemantrade.pt\/index.php\/produtos\/"},{"@type":"ListItem","position":3,"name":"COSM\u00c9TICOS","item":"https:\/\/leemantrade.pt\/index.php\/produtos\/cosmeticos\/"},{"@type":"ListItem","position":4,"name":"KERATIN"}]},{"@type":"WebSite","@id":"https:\/\/leemantrade.pt\/#website","url":"https:\/\/leemantrade.pt\/","name":"Leemantrade lda","description":"","publisher":{"@id":"https:\/\/leemantrade.pt\/#organization"},"potentialAction":[{"@type":"SearchAction","target":{"@type":"EntryPoint","urlTemplate":"https:\/\/leemantrade.pt\/?s={search_term_string}"},"query-input":"required name=search_term_string"}],"inLanguage":"pt-PT"},{"@type":"Organization","@id":"https:\/\/leemantrade.pt\/#organization","name":"Leemantrade, lda","url":"https:\/\/leemantrade.pt\/","logo":{"@type":"ImageObject","inLanguage":"pt-PT","@id":"https:\/\/leemantrade.pt\/#\/schema\/logo\/image\/","url":"https:\/\/leemantrade.pt\/wp-content\/uploads\/2018\/09\/cropped-logo_leemantrade-2.jpg","contentUrl":"https:\/\/leemantrade.pt\/wp-content\/uploads\/2018\/09\/cropped-logo_leemantrade-2.jpg","width":1358,"height":329,"caption":"Leemantrade, lda"},"image":{"@id":"https:\/\/leemantrade.pt\/#\/schema\/logo\/image\/"},"sameAs":["https:\/\/www.instagram.com\/leemantrade\/","https:\/\/www.youtube.com\/channel\/UCQIMbAEaDVMlUg0b2fkMfTQ","https:\/\/www.facebook.com\/Leemantrade"]}]}},"_links":{"self":[{"href":"https:\/\/leemantrade.pt\/index.php\/wp-json\/wp\/v2\/pages\/440"}],"collection":[{"href":"https:\/\/leemantrade.pt\/index.php\/wp-json\/wp\/v2\/pages"}],"about":[{"href":"https:\/\/leemantrade.pt\/index.php\/wp-json\/wp\/v2\/types\/page"}],"author":[{"embeddable":true,"href":"https:\/\/leemantrade.pt\/index.php\/wp-json\/wp\/v2\/users\/1"}],"replies":[{"embeddable":true,"href":"https:\/\/leemantrade.pt\/index.php\/wp-json\/wp\/v2\/comments?post=440"}],"version-history":[{"count":11,"href":"https:\/\/leemantrade.pt\/index.php\/wp-json\/wp\/v2\/pages\/440\/revisions"}],"predecessor-version":[{"id":1355,"href":"https:\/\/leemantrade.pt\/index.php\/wp-json\/wp\/v2\/pages\/440\/revisions\/1355"}],"up":[{"embeddable":true,"href":"https:\/\/leemantrade.pt\/index.php\/wp-json\/wp\/v2\/pages\/31"}],"wp:attachment":[{"href":"https:\/\/leemantrade.pt\/index.php\/wp-json\/wp\/v2\/media?parent=440"}],"curies":[{"name":"wp","href":"https:\/\/api.w.org\/{rel}","templated":true}]}}